{"id":96,"date":"2013-11-26T13:16:57","date_gmt":"2013-11-26T12:16:57","guid":{"rendered":"http:\/\/localhost\/fafpt\/?page_id=96"},"modified":"2024-04-26T12:21:21","modified_gmt":"2024-04-26T10:21:21","slug":"csfpt","status":"publish","type":"page","link":"http:\/\/www.fafpt-mulhouse.org\/?page_id=96","title":{"rendered":"CSFPT"},"content":{"rendered":"<h2><strong><span style=\"color: #800080;\">Conseil Sup\u00e9rieur de la Fonction Publique Territoriale<\/span><\/strong><\/h2>\n<div id=\"centre\">\n<div id=\"paragraphe59\">\n<p><a name=\"paragraphe59\"><\/a><\/p>\n<div>\n<p>Institu\u00e9 par la <a href=\"http:\/\/www.fafpt.org\/webotheque\/fichier\/8-loi_84-53.pdf\" target=\"_blank\" rel=\"noopener\">loi du 26\/01\/1984<\/a> (modifie le lien, \u00e0 r\u00e9aliser \u00e0 partir de l\u00e9gifrance.gouv.fr), le <acronym lang=\"fr\" title=\"Conseil Sup\u00e9rieur de la Fonction Publique Territoriale\">CSFPT<\/acronym> est l&rsquo;instance paritaire de consultation nationale de la fonction publique territoriale.<\/p>\n<p>Il rassemble en son sein des \u00e9lus locaux des communes, d\u00e9partements et r\u00e9gions et les repr\u00e9sentants des organisations syndicales repr\u00e9sentatives de la Fonction publique territoriale.<\/p>\n<p>Il est<strong> obligatoirement consult\u00e9<\/strong> par le gouvernement sur tout projet de texte l\u00e9gislatif et r\u00e9glementaire relatif \u00e0 la fonction publique territoriale.<\/p>\n<p>Pour en savoir plus, <a href=\"http:\/\/www.csfpt.org\/\" target=\"_blank\" rel=\"noopener\">consulter le site officiel du <acronym lang=\"fr\" title=\"Conseil Sup\u00e9rieur de la Fonction Publique Territoriale\">CSFPT<\/acronym><\/a>.<\/p>\n<\/div>\n<\/div>\n<div id=\"paragraphe60\">\n<p><a name=\"paragraphe60\"><\/a><\/p>\n<h3><span style=\"color: #800080;\">Les repr\u00e9sentants de la <span style=\"color: #3366ff;\">F<span style=\"color: #ff0000;\">A<\/span>-FPT<\/span><\/span><\/h3>\n<div>\n<p>Titulaire :\u00a0Premier suppl\u00e9ant : \u00a0Second suppl\u00e9ant :<\/p>\n<p>Titulaire : \u00a0Premier suppl\u00e9ant : \u00a0Second suppl\u00e9ant :<\/p>\n<\/div>\n<\/div>\n<div id=\"paragraphe69\">\n<p><a name=\"paragraphe69\"><\/a><\/p>\n<h3>T\u00e9l\u00e9chargement de documents<\/h3>\n<div>\n<div>\n<ul>\n<li><\/li>\n<\/ul>\n<\/div>\n<\/div>\n<\/div>\n<\/div>\n","protected":false},"excerpt":{"rendered":"<p>Conseil Sup\u00e9rieur de la Fonction Publique Territoriale Institu\u00e9 par la loi du 26\/01\/1984 (modifie le lien, \u00e0 r\u00e9aliser \u00e0 partir de l\u00e9gifrance.gouv.fr), le CSFPT est l&rsquo;instance paritaire de consultation nationale de la fonction publique territoriale. Il rassemble en son sein des \u00e9lus locaux des communes, d\u00e9partements et r\u00e9gions et les repr\u00e9sentants des organisations syndicales repr\u00e9sentatives &hellip; <\/p>\n<p><a class=\"more-link btn\" href=\"http:\/\/www.fafpt-mulhouse.org\/?page_id=96\">Continue reading<\/a><\/p>\n","protected":false},"author":1,"featured_media":0,"parent":73,"menu_order":14,"comment_status":"closed","ping_status":"closed","template":"","meta":[],"_links":{"self":[{"href":"http:\/\/www.fafpt-mulhouse.org\/index.php?rest_route=\/wp\/v2\/pages\/96"}],"collection":[{"href":"http:\/\/www.fafpt-mulhouse.org\/index.php?rest_route=\/wp\/v2\/pages"}],"about":[{"href":"http:\/\/www.fafpt-mulhouse.org\/index.php?rest_route=\/wp\/v2\/types\/page"}],"author":[{"embeddable":true,"href":"http:\/\/www.fafpt-mulhouse.org\/index.php?rest_route=\/wp\/v2\/users\/1"}],"replies":[{"embeddable":true,"href":"http:\/\/www.fafpt-mulhouse.org\/index.php?rest_route=%2Fwp%2Fv2%2Fcomments&post=96"}],"version-history":[{"count":3,"href":"http:\/\/www.fafpt-mulhouse.org\/index.php?rest_route=\/wp\/v2\/pages\/96\/revisions"}],"predecessor-version":[{"id":1541,"href":"http:\/\/www.fafpt-mulhouse.org\/index.php?rest_route=\/wp\/v2\/pages\/96\/revisions\/1541"}],"up":[{"embeddable":true,"href":"http:\/\/www.fafpt-mulhouse.org\/index.php?rest_route=\/wp\/v2\/pages\/73"}],"wp:attachment":[{"href":"http:\/\/www.fafpt-mulhouse.org\/index.php?rest_route=%2Fwp%2Fv2%2Fmedia&parent=96"}],"curies":[{"name":"wp","href":"https:\/\/api.w.org\/{rel}","templated":true}]}}